{"id":69,"date":"2023-06-25T18:29:33","date_gmt":"2023-06-25T16:29:33","guid":{"rendered":"https:\/\/ig.uniqino.sk\/spolocnost\/"},"modified":"2023-09-18T12:28:28","modified_gmt":"2023-09-18T10:28:28","slug":"about-us","status":"publish","type":"page","link":"https:\/\/infinitygroup.sk\/en\/about-us\/","title":{"rendered":"About us"},"content":{"rendered":"\r\n\r\n            <\/div>\r\n         <\/div>\r\n    <\/div>\r\n<\/section>\r\n<!-- equipment start -->\r\n<section class=\"ig_equipment\" style=\"margin-top:100px;margin-bottom:;\">\r\n    <div class=\"container-fluid\">\r\n        <div class=\"row\">\r\n            <div class=\"col-lg-12\">\r\n                <div class=\"ig_equipment_wrap\">\r\n\r\n                    <div class=\"ige_photo\">\r\n                        <div class=\"main_photo\">\r\n                          <a href=\"https:\/\/infinitygroup.sk\/wp-content\/uploads\/2023\/07\/rovnanie_odihlenie-infinity_group.jpg\" data-lightbox=\"what-are-we-doing\" ><img decoding=\"async\" alt=\"rovnanie_odihlenie-infinity_group | INFINITY GROUP a.s.\" src=\"https:\/\/infinitygroup.sk\/wp-content\/uploads\/2023\/07\/rovnanie_odihlenie-infinity_group-500x500.jpg\"><\/a>\r\n                          \r\n                        <\/div>\r\n                                            <\/div>\r\n\r\n                    <div class=\"ige_desc\">\r\n                        <h2 title=\"What are we doing ? | INFINITY GROUP a.s.\">What are we doing ?<\/h2>\r\n                                                <div class=\"ige_content\">\r\n                            <p>Metal parts are produced according to the customer&#8217;s drawing documentation, processed on CNC cutting machines, they are delivered with slag removed, ignitions repaired and a material certificate. If necessary, it is possible to ensure their blasting, drilling, bending, machining or cutting bevels for weld preparation. <\/p>\n                        <\/div>\r\n                        \r\n                                                    <a class=\"btn btn-primary\" href=\"https:\/\/infinitygroup.sk\/en\/technology\/\">Our technologies<\/a>\r\n                        \r\n                                            <\/div>\r\n\r\n                <\/div>\r\n\r\n            <\/div>\r\n        <\/div>\r\n    <\/div>\r\n<\/section>\r\n<!-- equipment end -->\r\n <section class=\"ig_content\">\r\n      <div class=\"container\">\r\n           <div class=\"row\">\r\n                <div class=\"col-lg-12\">\r\n\r\n\r\n\r\n            <\/div>\r\n         <\/div>\r\n    <\/div>\r\n<\/section>\r\n<!-- equipment start -->\r\n<section class=\"ig_equipment\" style=\"margin-top:100px;margin-bottom:;\">\r\n    <div class=\"container-fluid\">\r\n        <div class=\"row\">\r\n            <div class=\"col-lg-12\">\r\n                <div class=\"ig_equipment_wrap\">\r\n\r\n                    <div class=\"ige_photo\">\r\n                        <div class=\"main_photo\">\r\n                          <a href=\"https:\/\/infinitygroup.sk\/wp-content\/uploads\/2023\/08\/exterier-infinity_group_1280x720.jpg\" data-lightbox=\"where-can-you-find-us\" ><img decoding=\"async\" alt=\"exterier-infinity_group_1280x720 | INFINITY GROUP a.s.\" src=\"https:\/\/infinitygroup.sk\/wp-content\/uploads\/2023\/08\/exterier-infinity_group_1280x720-500x500.jpg\"><\/a>\r\n                          \r\n                        <\/div>\r\n                                            <\/div>\r\n\r\n                    <div class=\"ige_desc\">\r\n                        <h2 title=\"Where can you find us? | INFINITY GROUP a.s.\">Where can you find us?<\/h2>\r\n                                                <div class=\"ige_content\">\r\n                            <p>In the newly built production halls in the premises of the industrial park in the village of V\u00edg\u013ea\u0161 with an area of 14,000 m2, the most modern sheet metal processing technologies are installed, thanks to which it is possible to achieve high work productivity.<\/p>\n                        <\/div>\r\n                        \r\n                                                    <a class=\"btn btn-primary\" href=\"https:\/\/goo.gl\/maps\/JEMyGVwun23bA9aB6\" target=\"_blank\" rel=\"noopener\">View on map<\/a>\r\n                        \r\n                                            <\/div>\r\n\r\n                <\/div>\r\n\r\n            <\/div>\r\n        <\/div>\r\n    <\/div>\r\n<\/section>\r\n<!-- equipment end -->\r\n <section class=\"ig_content\">\r\n      <div class=\"container\">\r\n           <div class=\"row\">\r\n                <div class=\"col-lg-12\">\r\n\r\n\r\n\r\n            <\/div>\r\n         <\/div>\r\n    <\/div>\r\n<\/section>\r\n<!-- equipment start -->\r\n<section class=\"ig_equipment\" style=\"margin-top:100px;margin-bottom:;\">\r\n    <div class=\"container-fluid\">\r\n        <div class=\"row\">\r\n            <div class=\"col-lg-12\">\r\n                <div class=\"ig_equipment_wrap\">\r\n\r\n                    <div class=\"ige_photo\">\r\n                        <div class=\"main_photo\">\r\n                          <a href=\"https:\/\/infinitygroup.sk\/wp-content\/uploads\/2023\/07\/cnc_linka_opracovania-infinity_group-6.jpg\" data-lightbox=\"basic-information\"><img decoding=\"async\" alt=\"cnc_linka_opracovania-infinity_group-6 | INFINITY GROUP a.s.\" src=\"https:\/\/infinitygroup.sk\/wp-content\/uploads\/2023\/07\/cnc_linka_opracovania-infinity_group-6-500x500.jpg\"><\/a>\r\n                          \r\n                        <\/div>\r\n                                            <\/div>\r\n\r\n                    <div class=\"ige_desc\">\r\n                        <h2 title=\"Basic information | INFINITY GROUP a.s.\">Basic information<\/h2>\r\n                                                <div class=\"ige_content\">\r\n                            <p>Best productivity in mild steel cutting up to 40mm, focusing on laser and plasma bevel cutting.<\/p>\n<p>Complex deliveries according customers technical documentation.<\/p>\n<p>Steel purchasing from suppliers across all the EU.<\/p>\n                        <\/div>\r\n                        \r\n                        \r\n                                                <div class=\"ige_table\">\r\n                                                     <div class=\"tab\">\r\n                                <span class=\"name\">We process monthly<\/span>\r\n                                <span class=\"value\">1 500 tons of metal sheets<\/span>\r\n                            <\/div>\r\n                                                     <div class=\"tab\">\r\n                                <span class=\"name\">Number of employees<\/span>\r\n                                <span class=\"value\">90<\/span>\r\n                            <\/div>\r\n                                                     <div class=\"tab\">\r\n                                <span class=\"name\">Main customers<\/span>\r\n                                <span class=\"value\">Tatravag\u00f3nka, Remeslo Strojal, Hri\u0148ovsk\u00e9 stroj\u00e1rne, PPS Group<\/span>\r\n                            <\/div>\r\n                                                     <div class=\"tab\">\r\n                                <span class=\"name\">Production plant<\/span>\r\n                                <span class=\"value\">14 000 m2 of production and storage areas<\/span>\r\n                            <\/div>\r\n                                                 <\/div>\r\n                                             <\/div>\r\n\r\n                <\/div>\r\n\r\n            <\/div>\r\n        <\/div>\r\n    <\/div>\r\n<\/section>\r\n<!-- equipment end -->\r\n <section class=\"ig_content\">\r\n      <div class=\"container\">\r\n           <div class=\"row\">\r\n                <div class=\"col-lg-12\">\r\n\r\n\r\n    <\/div>\r\n    <\/div>\r\n    <\/div>\r\n    <\/section>\r\n<!-- CERT start -->\r\n    <section class=\"ig_carousel certifikat rc-block\">\r\n    <div class=\"container\">\r\n        <div class=\"row\">\r\n            <div class=\"col-lg-6\">\r\n                <div class=\"carousel_wrap cert\">\r\n                    <div class=\"carousel_content\">\r\n                                                    <h2 title=\" | \">Certificates<\/h2>\r\n                                                                                            <\/div>\r\n                <\/div>\r\n            <\/div>\r\n            <div class=\"col-lg-6\">\r\n                                <div class=\"carousels\">\r\n                    <div class=\"carousel_inner_wrap\">\r\n                        <div class=\"owl-carousel owl-theme\">\r\n                                                        <div class=\"item\">\r\n                                                                <a href=\"https:\/\/infinitygroup.sk\/wp-content\/uploads\/2023\/06\/iso-9001-ig.jpg\" data-lightbox=\"certifikaty\">\r\n                                    <div class=\"car_item\">\r\n                                    <img decoding=\"async\" src=\"https:\/\/infinitygroup.sk\/wp-content\/uploads\/2023\/06\/iso-9001-ig.jpg\">\r\n                                    <\/div>\r\n                                <\/a>\r\n                            <\/div>\r\n                                                        <div class=\"item\">\r\n                                                                <a href=\"https:\/\/infinitygroup.sk\/wp-content\/uploads\/2023\/06\/CE-STN-EN-1090-2-SIGN-1.jpg\" data-lightbox=\"certifikaty\">\r\n                                    <div class=\"car_item\">\r\n                                    <img decoding=\"async\" src=\"https:\/\/infinitygroup.sk\/wp-content\/uploads\/2023\/06\/CE-STN-EN-1090-2-SIGN-1.jpg\">\r\n                                    <\/div>\r\n                                <\/a>\r\n                            <\/div>\r\n                                                        <div class=\"item\">\r\n                                                                <a href=\"https:\/\/infinitygroup.sk\/wp-content\/uploads\/2023\/06\/CE-STN-EN-ISO-3834-2-SIGN-1.jpg\" data-lightbox=\"certifikaty\">\r\n                                    <div class=\"car_item\">\r\n                                    <img decoding=\"async\" src=\"https:\/\/infinitygroup.sk\/wp-content\/uploads\/2023\/06\/CE-STN-EN-ISO-3834-2-SIGN-1.jpg\">\r\n                                    <\/div>\r\n                                <\/a>\r\n                            <\/div>\r\n                                                        <div class=\"item\">\r\n                                                                <a href=\"https:\/\/infinitygroup.sk\/wp-content\/uploads\/2023\/06\/CE-STN-EN-15085-2-SIGN-1.jpg\" data-lightbox=\"certifikaty\">\r\n                                    <div class=\"car_item\">\r\n                                    <img decoding=\"async\" src=\"https:\/\/infinitygroup.sk\/wp-content\/uploads\/2023\/06\/CE-STN-EN-15085-2-SIGN-1.jpg\">\r\n                                    <\/div>\r\n                                <\/a>\r\n                            <\/div>\r\n                            \r\n                        <\/div>\r\n\r\n                    <\/div>\r\n                <\/div>\r\n            <\/div>\r\n        <\/div>\r\n    <\/div>\r\n<\/section>\r\n<!-- CERT end -->\r\n <section class=\"ig_content\">\r\n      <div class=\"container\">\r\n           <div class=\"row\">\r\n                <div class=\"col-lg-12\">\r\n\r\n\r\n            <\/div>\r\n         <\/div>\r\n    <\/div>\r\n<\/section>\r\n<!-- CTA start -->\r\n<section class=\"ig_cta rc-block\">\r\n    <div class=\"container\">\r\n        <div class=\"row\">\r\n            <div class=\"col-lg-12\">\r\n                <div class=\"cta_block\">\r\n                    <div class=\"cta_block_text\">\r\n                        <i class=\"ri-information-fill\"><\/i>\r\n                        <div class=\"cta_block_text_inner\">\r\n                            <h4 title=\"We will prepare a quotation based on your requirements | \">We will prepare a quotation based on your requirements <\/h4>\r\n\r\n                                                        <p>Contact us and we will be happy to prepare a quotation according to your drawings.<\/p>\r\n                                                    <\/div>\r\n                    <\/div>\r\n                                        <div class=\"cta_block_btn\">\r\n                        <a href=\"\/en\/contact\/\" class=\"btn btn-black\">Contact us<\/a>\r\n                    <\/div>\r\n                                    <\/div>\r\n            <\/div>\r\n        <\/div>\r\n    <\/div>\r\n<\/section>\r\n<!-- CTA end -->\r\n <section class=\"ig_content\">\r\n      <div class=\"container\">\r\n           <div class=\"row\">\r\n                <div class=\"col-lg-12\">\r\n\r\n","protected":false},"excerpt":{"rendered":"","protected":false},"author":1,"featured_media":0,"parent":0,"menu_order":0,"comment_status":"closed","ping_status":"closed","template":"","meta":{"inline_featured_image":false,"footnotes":""},"class_list":["post-69","page","type-page","status-publish","hentry"],"acf":[],"_links":{"self":[{"href":"https:\/\/infinitygroup.sk\/en\/wp-json\/wp\/v2\/pages\/69","targetHints":{"allow":["GET"]}}],"collection":[{"href":"https:\/\/infinitygroup.sk\/en\/wp-json\/wp\/v2\/pages"}],"about":[{"href":"https:\/\/infinitygroup.sk\/en\/wp-json\/wp\/v2\/types\/page"}],"author":[{"embeddable":true,"href":"https:\/\/infinitygroup.sk\/en\/wp-json\/wp\/v2\/users\/1"}],"replies":[{"embeddable":true,"href":"https:\/\/infinitygroup.sk\/en\/wp-json\/wp\/v2\/comments?post=69"}],"version-history":[{"count":14,"href":"https:\/\/infinitygroup.sk\/en\/wp-json\/wp\/v2\/pages\/69\/revisions"}],"predecessor-version":[{"id":1373,"href":"https:\/\/infinitygroup.sk\/en\/wp-json\/wp\/v2\/pages\/69\/revisions\/1373"}],"wp:attachment":[{"href":"https:\/\/infinitygroup.sk\/en\/wp-json\/wp\/v2\/media?parent=69"}],"curies":[{"name":"wp","href":"https:\/\/api.w.org\/{rel}","templated":true}]}}